{"id":136,"date":"2021-01-20T11:09:55","date_gmt":"2021-01-20T11:09:55","guid":{"rendered":"https:\/\/arboretsens.be\/?page_id=136"},"modified":"2021-02-16T15:24:18","modified_gmt":"2021-02-16T15:24:18","slug":"aide-sociale","status":"publish","type":"page","link":"https:\/\/arboretsens.be\/index.php\/aide-sociale\/","title":{"rendered":"Aide sociale"},"content":{"rendered":"\n\n\n\t<section class=\"section\" id=\"section_1230582904\">\n\t\t<div class=\"section-bg fill\" >\n\t\t\t\t\t\t\t\t\t<div class=\"section-bg-overlay absolute fill\"><\/div>\n\t\t\t\n\t<div class=\"is-border\"\n\t\tstyle=\"border-width:1px 0px 1px 0px;\">\n\t<\/div>\n\n\t\t<\/div>\n\n\t\t\n\n\t\t<div class=\"section-content relative\">\n\t\t\t\n\n<div class=\"row row-large align-middle\"  id=\"row-455418481\">\n\n\n\t<div id=\"col-1416545556\" class=\"col medium-6 small-12 large-6\"  >\n\t\t\t\t<div class=\"col-inner text-center\"  >\n\t\t\t\n\t\t\t\n\n\t<div id=\"text-2969738782\" class=\"text\">\n\t\t\n\n<h2 class=\"uppercase\"><img loading=\"lazy\" decoding=\"async\" class=\"alignnone wp-image-116\" src=\"https:\/\/arboretsens.be\/wp-content\/uploads\/2021\/01\/aide-assoc-icone-1.png\" alt=\"\" width=\"60\" height=\"60\">&nbsp;Aide SOCIALE<\/h2>\n\t\t\n<style>\n#text-2969738782 {\n  text-align: left;\n}\n<\/style>\n\t<\/div>\n\t\n\t<div id=\"gap-1479853380\" class=\"gap-element clearfix\" style=\"display:block; height:auto;\">\n\t\t\n<style>\n#gap-1479853380 {\n  padding-top: 30px;\n}\n<\/style>\n\t<\/div>\n\t\n\n\t<div class=\"img has-hover x md-x lg-x y md-y lg-y\" id=\"image_1925866976\">\n\t\t\t\t\t\t<div data-animate=\"bounceIn\">\t\t<div class=\"img-inner image-fade-out box-shadow-2 dark\" >\n\t\t\t<img loading=\"lazy\" decoding=\"async\" width=\"1000\" height=\"324\" src=\"https:\/\/arboretsens.be\/wp-content\/uploads\/2021\/02\/aide-sociale-photo.jpg\" class=\"attachment-large size-large\" alt=\"\" srcset=\"https:\/\/arboretsens.be\/wp-content\/uploads\/2021\/02\/aide-sociale-photo.jpg 1000w, https:\/\/arboretsens.be\/wp-content\/uploads\/2021\/02\/aide-sociale-photo-300x97.jpg 300w, https:\/\/arboretsens.be\/wp-content\/uploads\/2021\/02\/aide-sociale-photo-768x249.jpg 768w\" sizes=\"auto, (max-width: 1000px) 100vw, 1000px\" \/>\t\t\t\t\t\t\n\t\t\t\t\t<\/div>\n\t\t<\/div>\t\t\t\t\t\t\n<style>\n#image_1925866976 {\n  width: 100%;\n}\n<\/style>\n\t<\/div>\n\t\n\n\t<div id=\"gap-1220685027\" class=\"gap-element clearfix\" style=\"display:block; height:auto;\">\n\t\t\n<style>\n#gap-1220685027 {\n  padding-top: 30px;\n}\n<\/style>\n\t<\/div>\n\t\n\n\t<div id=\"text-2997910616\" class=\"text\">\n\t\t\n\n<h5>L\u2019accompagnement social ne se limite pas \u00e0 des d\u00e9marches administratives, il peut aussi jouer un r\u00f4le important de soutien pour vous aider \u00e0 faire face aux difficult\u00e9s.<\/h5>\n\t\t\n<style>\n#text-2997910616 {\n  text-align: left;\n}\n<\/style>\n\t<\/div>\n\t\n\n\t\t<\/div>\n\t\t\t\t\t<\/div>\n\n\t\n\n\t<div id=\"col-2063444765\" class=\"col medium-6 small-12 large-6\"  >\n\t\t\t\t<div class=\"col-inner text-left\"  >\n\t\t\t\n\t\t\t\n\n<p>Que vous soyez victime, auteur d\u2019une infraction p\u00e9nale ou proche d\u2019une de ces cat\u00e9gories, notre \u00e9quipe d\u2019assistants sociaux peut envisager avec vous les solutions les plus appropri\u00e9es \u00e0 vos probl\u00e8mes :<\/p>\n\t<div id=\"gap-509606127\" class=\"gap-element clearfix\" style=\"display:block; height:auto;\">\n\t\t\n<style>\n#gap-509606127 {\n  padding-top: 30px;\n}\n<\/style>\n\t<\/div>\n\t\n\n<ul>\n<li style=\"list-style-type: none;\">\n<ul>\n<li>un espace d\u2019accueil et d\u2019\u00e9coute;<\/li>\n<li>des informations en rapport avec votre situation;<\/li>\n<li>un accompagnement dans les d\u00e9marches administratives, sociales (CPAS, assurances, mutuelle, etc.) et juridiques;<\/li>\n<li>une aide pour la r\u00e9daction de courriers ou documents;<\/li>\n<li>des informations concernant le parcours d\u2019une plainte ou la proc\u00e9dure p\u00e9nale, le r\u00f4le d\u2019un avocat ou le fonctionnement de la Justice;<\/li>\n<li>des relais vers d\u2019autres services qui peuvent \u00e9galement vous aider.<\/li>\n<\/ul>\n<\/li>\n<\/ul>\n\n\t\t<\/div>\n\t\t\t\t\t<\/div>\n\n\t\n\n<\/div>\n\n\t\t<\/div>\n\n\t\t\n<style>\n#section_1230582904 {\n  padding-top: 60px;\n  padding-bottom: 60px;\n  background-color: rgb(255, 255, 255);\n}\n#section_1230582904 .section-bg-overlay {\n  background-color: rgba(255, 255, 255, 0.85);\n}\n<\/style>\n\t<\/section>\n\t\n\n\n\n<div class=\"message-box relative dark\" style=\"padding-top:36px;padding-bottom:36px;\"><div class=\"message-box-bg-image bg-fill fill\" ><\/div><div class=\"message-box-bg-overlay bg-fill fill\" style=\"background-color:rgb(74, 74, 74);\"><\/div><div class=\"container relative\"><div class=\"inner last-reset\">\n\n<div class=\"row align-middle\"  id=\"row-1293079166\">\n\n\n\t<div id=\"col-1691456110\" class=\"col medium-9 small-12 large-9\"  >\n\t\t\t\t<div class=\"col-inner\"  >\n\t\t\t\n\t\t\t\n\n<h3 class=\"uppercase\">Tous nos services sont gratuits, couverts par le secret professionnel et ind\u00e9pendants du monde judiciaire.<\/h3>\n\n\t\t<\/div>\n\t\t\t\t\t<\/div>\n\n\t\n\n\t<div id=\"col-1349342918\" class=\"col medium-3 small-12 large-3\"  >\n\t\t\t\t<div class=\"col-inner text-right\"  >\n\t\t\t\n\t\t\t\n\n<a data-animate=\"flipInY\" href=\"https:\/\/arboretsens.be\/index.php\/contact\/\" class=\"button white is-outline is-larger\" >\n\t\t<span>CONTACT<\/span>\n\t<\/a>\n\n\n\n\t\t<\/div>\n\t\t\t\t\t<\/div>\n\n\t\n\n<\/div>\n\n<\/div><\/div><\/div>\n\n","protected":false},"excerpt":{"rendered":"","protected":false},"author":1,"featured_media":0,"parent":0,"menu_order":0,"comment_status":"closed","ping_status":"closed","template":"page-blank.php","meta":{"_exactmetrics_skip_tracking":false,"_exactmetrics_sitenote_active":false,"_exactmetrics_sitenote_note":"","_exactmetrics_sitenote_category":0,"footnotes":""},"class_list":["post-136","page","type-page","status-publish","hentry"],"yoast_head":"<!-- This site is optimized with the Yoast SEO plugin v26.8 - https:\/\/yoast.com\/product\/yoast-seo-wordpress\/ -->\n<title>Aide sociale - Arboretsens asbl<\/title>\n<meta name=\"description\" content=\"Que vous soyez victime ou auteur d\u2019une infraction p\u00e9nale, notre \u00e9quipe d\u2019assistants sociaux peut envisager avec vous les solutions les plus appropri\u00e9es \u00e0 vos probl\u00e8mes.\" \/>\n<meta name=\"robots\" content=\"index, follow, max-snippet:-1, max-image-preview:large, max-video-preview:-1\" \/>\n<link rel=\"canonical\" href=\"https:\/\/arboretsens.be\/index.php\/aide-sociale\/\" \/>\n<meta property=\"og:locale\" content=\"fr_FR\" \/>\n<meta property=\"og:type\" content=\"article\" \/>\n<meta property=\"og:title\" content=\"Aide sociale - Arboretsens asbl\" \/>\n<meta property=\"og:description\" content=\"Que vous soyez victime ou auteur d\u2019une infraction p\u00e9nale, notre \u00e9quipe d\u2019assistants sociaux peut envisager avec vous les solutions les plus appropri\u00e9es \u00e0 vos probl\u00e8mes.\" \/>\n<meta property=\"og:url\" content=\"https:\/\/arboretsens.be\/index.php\/aide-sociale\/\" \/>\n<meta property=\"og:site_name\" content=\"Arboretsens asbl\" \/>\n<meta property=\"article:modified_time\" content=\"2021-02-16T15:24:18+00:00\" \/>\n<meta property=\"og:image\" content=\"https:\/\/arboretsens.be\/wp-content\/uploads\/2021\/01\/aide-assoc-icone-1.png\" \/>\n<meta name=\"twitter:card\" content=\"summary_large_image\" \/>\n<meta name=\"twitter:label1\" content=\"Dur\u00e9e de lecture estim\u00e9e\" \/>\n\t<meta name=\"twitter:data1\" content=\"4 minutes\" \/>\n<script type=\"application\/ld+json\" class=\"yoast-schema-graph\">{\"@context\":\"https:\/\/schema.org\",\"@graph\":[{\"@type\":\"WebPage\",\"@id\":\"https:\/\/arboretsens.be\/index.php\/aide-sociale\/\",\"url\":\"https:\/\/arboretsens.be\/index.php\/aide-sociale\/\",\"name\":\"Aide sociale - Arboretsens asbl\",\"isPartOf\":{\"@id\":\"https:\/\/arboretsens.be\/#website\"},\"primaryImageOfPage\":{\"@id\":\"https:\/\/arboretsens.be\/index.php\/aide-sociale\/#primaryimage\"},\"image\":{\"@id\":\"https:\/\/arboretsens.be\/index.php\/aide-sociale\/#primaryimage\"},\"thumbnailUrl\":\"https:\/\/arboretsens.be\/wp-content\/uploads\/2021\/01\/aide-assoc-icone-1.png\",\"datePublished\":\"2021-01-20T11:09:55+00:00\",\"dateModified\":\"2021-02-16T15:24:18+00:00\",\"description\":\"Que vous soyez victime ou auteur d\u2019une infraction p\u00e9nale, notre \u00e9quipe d\u2019assistants sociaux peut envisager avec vous les solutions les plus appropri\u00e9es \u00e0 vos probl\u00e8mes.\",\"breadcrumb\":{\"@id\":\"https:\/\/arboretsens.be\/index.php\/aide-sociale\/#breadcrumb\"},\"inLanguage\":\"fr-FR\",\"potentialAction\":[{\"@type\":\"ReadAction\",\"target\":[\"https:\/\/arboretsens.be\/index.php\/aide-sociale\/\"]}]},{\"@type\":\"ImageObject\",\"inLanguage\":\"fr-FR\",\"@id\":\"https:\/\/arboretsens.be\/index.php\/aide-sociale\/#primaryimage\",\"url\":\"https:\/\/arboretsens.be\/wp-content\/uploads\/2021\/01\/aide-assoc-icone-1.png\",\"contentUrl\":\"https:\/\/arboretsens.be\/wp-content\/uploads\/2021\/01\/aide-assoc-icone-1.png\",\"width\":140,\"height\":140},{\"@type\":\"BreadcrumbList\",\"@id\":\"https:\/\/arboretsens.be\/index.php\/aide-sociale\/#breadcrumb\",\"itemListElement\":[{\"@type\":\"ListItem\",\"position\":1,\"name\":\"Home\",\"item\":\"https:\/\/arboretsens.be\/\"},{\"@type\":\"ListItem\",\"position\":2,\"name\":\"Aide sociale\"}]},{\"@type\":\"WebSite\",\"@id\":\"https:\/\/arboretsens.be\/#website\",\"url\":\"https:\/\/arboretsens.be\/\",\"name\":\"Arbor&Sens asbl\",\"description\":\"Service la\u00efque d\u2019Aide aux Justiciables de la Province de Namur\",\"publisher\":{\"@id\":\"https:\/\/arboretsens.be\/#organization\"},\"potentialAction\":[{\"@type\":\"SearchAction\",\"target\":{\"@type\":\"EntryPoint\",\"urlTemplate\":\"https:\/\/arboretsens.be\/?s={search_term_string}\"},\"query-input\":{\"@type\":\"PropertyValueSpecification\",\"valueRequired\":true,\"valueName\":\"search_term_string\"}}],\"inLanguage\":\"fr-FR\"},{\"@type\":\"Organization\",\"@id\":\"https:\/\/arboretsens.be\/#organization\",\"name\":\"Arbor&Sens asbl - Service la\u00efque d\u2019Aide aux Justiciables de la Province de Namur\",\"url\":\"https:\/\/arboretsens.be\/\",\"logo\":{\"@type\":\"ImageObject\",\"inLanguage\":\"fr-FR\",\"@id\":\"https:\/\/arboretsens.be\/#\/schema\/logo\/image\/\",\"url\":\"https:\/\/arboretsens.be\/wp-content\/uploads\/2021\/01\/logo-ArborSens-ASBL-350.png\",\"contentUrl\":\"https:\/\/arboretsens.be\/wp-content\/uploads\/2021\/01\/logo-ArborSens-ASBL-350.png\",\"width\":350,\"height\":354,\"caption\":\"Arbor&Sens asbl - Service la\u00efque d\u2019Aide aux Justiciables de la Province de Namur\"},\"image\":{\"@id\":\"https:\/\/arboretsens.be\/#\/schema\/logo\/image\/\"}}]}<\/script>\n<!-- \/ Yoast SEO plugin. -->","yoast_head_json":{"title":"Aide sociale - Arboretsens asbl","description":"Que vous soyez victime ou auteur d\u2019une infraction p\u00e9nale, notre \u00e9quipe d\u2019assistants sociaux peut envisager avec vous les solutions les plus appropri\u00e9es \u00e0 vos probl\u00e8mes.","robots":{"index":"index","follow":"follow","max-snippet":"max-snippet:-1","max-image-preview":"max-image-preview:large","max-video-preview":"max-video-preview:-1"},"canonical":"https:\/\/arboretsens.be\/index.php\/aide-sociale\/","og_locale":"fr_FR","og_type":"article","og_title":"Aide sociale - Arboretsens asbl","og_description":"Que vous soyez victime ou auteur d\u2019une infraction p\u00e9nale, notre \u00e9quipe d\u2019assistants sociaux peut envisager avec vous les solutions les plus appropri\u00e9es \u00e0 vos probl\u00e8mes.","og_url":"https:\/\/arboretsens.be\/index.php\/aide-sociale\/","og_site_name":"Arboretsens asbl","article_modified_time":"2021-02-16T15:24:18+00:00","og_image":[{"url":"https:\/\/arboretsens.be\/wp-content\/uploads\/2021\/01\/aide-assoc-icone-1.png","type":"","width":"","height":""}],"twitter_card":"summary_large_image","twitter_misc":{"Dur\u00e9e de lecture estim\u00e9e":"4 minutes"},"schema":{"@context":"https:\/\/schema.org","@graph":[{"@type":"WebPage","@id":"https:\/\/arboretsens.be\/index.php\/aide-sociale\/","url":"https:\/\/arboretsens.be\/index.php\/aide-sociale\/","name":"Aide sociale - Arboretsens asbl","isPartOf":{"@id":"https:\/\/arboretsens.be\/#website"},"primaryImageOfPage":{"@id":"https:\/\/arboretsens.be\/index.php\/aide-sociale\/#primaryimage"},"image":{"@id":"https:\/\/arboretsens.be\/index.php\/aide-sociale\/#primaryimage"},"thumbnailUrl":"https:\/\/arboretsens.be\/wp-content\/uploads\/2021\/01\/aide-assoc-icone-1.png","datePublished":"2021-01-20T11:09:55+00:00","dateModified":"2021-02-16T15:24:18+00:00","description":"Que vous soyez victime ou auteur d\u2019une infraction p\u00e9nale, notre \u00e9quipe d\u2019assistants sociaux peut envisager avec vous les solutions les plus appropri\u00e9es \u00e0 vos probl\u00e8mes.","breadcrumb":{"@id":"https:\/\/arboretsens.be\/index.php\/aide-sociale\/#breadcrumb"},"inLanguage":"fr-FR","potentialAction":[{"@type":"ReadAction","target":["https:\/\/arboretsens.be\/index.php\/aide-sociale\/"]}]},{"@type":"ImageObject","inLanguage":"fr-FR","@id":"https:\/\/arboretsens.be\/index.php\/aide-sociale\/#primaryimage","url":"https:\/\/arboretsens.be\/wp-content\/uploads\/2021\/01\/aide-assoc-icone-1.png","contentUrl":"https:\/\/arboretsens.be\/wp-content\/uploads\/2021\/01\/aide-assoc-icone-1.png","width":140,"height":140},{"@type":"BreadcrumbList","@id":"https:\/\/arboretsens.be\/index.php\/aide-sociale\/#breadcrumb","itemListElement":[{"@type":"ListItem","position":1,"name":"Home","item":"https:\/\/arboretsens.be\/"},{"@type":"ListItem","position":2,"name":"Aide sociale"}]},{"@type":"WebSite","@id":"https:\/\/arboretsens.be\/#website","url":"https:\/\/arboretsens.be\/","name":"Arbor&Sens asbl","description":"Service la\u00efque d\u2019Aide aux Justiciables de la Province de Namur","publisher":{"@id":"https:\/\/arboretsens.be\/#organization"},"potentialAction":[{"@type":"SearchAction","target":{"@type":"EntryPoint","urlTemplate":"https:\/\/arboretsens.be\/?s={search_term_string}"},"query-input":{"@type":"PropertyValueSpecification","valueRequired":true,"valueName":"search_term_string"}}],"inLanguage":"fr-FR"},{"@type":"Organization","@id":"https:\/\/arboretsens.be\/#organization","name":"Arbor&Sens asbl - Service la\u00efque d\u2019Aide aux Justiciables de la Province de Namur","url":"https:\/\/arboretsens.be\/","logo":{"@type":"ImageObject","inLanguage":"fr-FR","@id":"https:\/\/arboretsens.be\/#\/schema\/logo\/image\/","url":"https:\/\/arboretsens.be\/wp-content\/uploads\/2021\/01\/logo-ArborSens-ASBL-350.png","contentUrl":"https:\/\/arboretsens.be\/wp-content\/uploads\/2021\/01\/logo-ArborSens-ASBL-350.png","width":350,"height":354,"caption":"Arbor&Sens asbl - Service la\u00efque d\u2019Aide aux Justiciables de la Province de Namur"},"image":{"@id":"https:\/\/arboretsens.be\/#\/schema\/logo\/image\/"}}]}},"_links":{"self":[{"href":"https:\/\/arboretsens.be\/index.php\/wp-json\/wp\/v2\/pages\/136","targetHints":{"allow":["GET"]}}],"collection":[{"href":"https:\/\/arboretsens.be\/index.php\/wp-json\/wp\/v2\/pages"}],"about":[{"href":"https:\/\/arboretsens.be\/index.php\/wp-json\/wp\/v2\/types\/page"}],"author":[{"embeddable":true,"href":"https:\/\/arboretsens.be\/index.php\/wp-json\/wp\/v2\/users\/1"}],"replies":[{"embeddable":true,"href":"https:\/\/arboretsens.be\/index.php\/wp-json\/wp\/v2\/comments?post=136"}],"version-history":[{"count":10,"href":"https:\/\/arboretsens.be\/index.php\/wp-json\/wp\/v2\/pages\/136\/revisions"}],"predecessor-version":[{"id":216,"href":"https:\/\/arboretsens.be\/index.php\/wp-json\/wp\/v2\/pages\/136\/revisions\/216"}],"wp:attachment":[{"href":"https:\/\/arboretsens.be\/index.php\/wp-json\/wp\/v2\/media?parent=136"}],"curies":[{"name":"wp","href":"https:\/\/api.w.org\/{rel}","templated":true}]}}