{"id":164,"date":"2021-01-20T14:23:57","date_gmt":"2021-01-20T14:23:57","guid":{"rendered":"https:\/\/arboretsens.be\/?page_id=164"},"modified":"2021-03-08T12:51:03","modified_gmt":"2021-03-08T12:51:03","slug":"aide-au-lien","status":"publish","type":"page","link":"https:\/\/arboretsens.be\/index.php\/aide-au-lien\/","title":{"rendered":"Aide au lien"},"content":{"rendered":"\n\n\n\n\t<section class=\"section\" id=\"section_1544831689\">\n\t\t<div class=\"section-bg fill\" >\n\t\t\t\t\t\t\t\t\t<div class=\"section-bg-overlay absolute fill\"><\/div>\n\t\t\t\n\n\t\t<\/div>\n\n\t\t\n\n\t\t<div class=\"section-content relative\">\n\t\t\t\n\n<div class=\"row row-large align-middle\"  id=\"row-1455201715\">\n\n\n\t<div id=\"col-1200761278\" class=\"col medium-6 small-12 large-6\"  >\n\t\t\t\t<div class=\"col-inner text-left\"  >\n\t\t\t\n\t\t\t\n\n<h2 class=\"uppercase\"><img loading=\"lazy\" decoding=\"async\" class=\"alignnone wp-image-124\" src=\"https:\/\/arboretsens.be\/wp-content\/uploads\/2021\/01\/chainon-picto-2.png\" alt=\"\" width=\"60\" height=\"60\">&nbsp;Aide AU LIEN<\/h2>\n<p>La mission d\u2019aide au lien pour auteur d\u00e9tenu vise \u00e0 soutenir la parentalit\u00e9 au travers d\u2019entretiens psychosociaux, de visites \u201cpapas-enfants\u201d, de collaboration avec des services tels le Service d&rsquo;Aide \u00e0 la Jeunesse (SAJ) ou le Service Protection de la Jeunesse (SPJ), ou de tout autre moyen pour d\u00e9velopper au mieux la relation p\u00e8re-enfant pendant la d\u00e9tention.<\/p>\n<p>Une collaboration avec la Croix-Rouge de Belgique permet aux parents \u00e9prouvant des difficult\u00e9s de transport de b\u00e9n\u00e9ficier de navettes gratuites v\u00e9hiculant les enfants.<\/p>\n<p>Nous exer\u00e7ons cette mission exclusivement au sein de la prison de Dinant.<\/p>\n\n\t\t<\/div>\n\t\t\t\t\t<\/div>\n\n\t\n\n\t<div id=\"col-175321367\" class=\"col medium-6 small-12 large-6\"  >\n\t\t\t\t<div class=\"col-inner\"  >\n\t\t\t\n\t\t\t\n\n\t<div class=\"img has-hover x md-x lg-x y md-y lg-y\" id=\"image_330729324\">\n\t\t\t\t\t\t\t\t<div class=\"img-inner image-fade-out dark\" >\n\t\t\t<img loading=\"lazy\" decoding=\"async\" width=\"1020\" height=\"638\" src=\"https:\/\/arboretsens.be\/wp-content\/uploads\/2021\/01\/aide-sociale-1024x640.jpg\" class=\"attachment-large size-large\" alt=\"\" srcset=\"https:\/\/arboretsens.be\/wp-content\/uploads\/2021\/01\/aide-sociale-1024x640.jpg 1024w, https:\/\/arboretsens.be\/wp-content\/uploads\/2021\/01\/aide-sociale-300x188.jpg 300w, https:\/\/arboretsens.be\/wp-content\/uploads\/2021\/01\/aide-sociale-768x480.jpg 768w, https:\/\/arboretsens.be\/wp-content\/uploads\/2021\/01\/aide-sociale.jpg 1200w\" sizes=\"auto, (max-width: 1020px) 100vw, 1020px\" \/>\t\t\t\t\t\t\n\t\t\t\t\t<\/div>\n\t\t\t\t\t\t\t\t\n<style>\n#image_330729324 {\n  width: 100%;\n}\n<\/style>\n\t<\/div>\n\t\n\n\t<div class=\"img has-hover x md-x lg-x y md-y lg-y\" id=\"image_1987079731\">\n\t\t\t\t\t\t\t\t<div class=\"img-inner box-shadow-2 dark\" >\n\t\t\t\t\t\t\t\t\t\n\t\t\t\t\t<\/div>\n\t\t\t\t\t\t\t\t\n<style>\n#image_1987079731 {\n  width: 100%;\n}\n<\/style>\n\t<\/div>\n\t\n\n\n\t\t<\/div>\n\t\t\t\t\t<\/div>\n\n\t\n\n<\/div>\n\n\t\t<\/div>\n\n\t\t\n<style>\n#section_1544831689 {\n  padding-top: 60px;\n  padding-bottom: 60px;\n  background-color: rgb(255, 255, 255);\n}\n#section_1544831689 .section-bg-overlay {\n  background-color: rgba(255, 255, 255, 0.85);\n}\n<\/style>\n\t<\/section>\n\t\n\n\n<div class=\"message-box relative dark\" style=\"padding-top:36px;padding-bottom:36px;\"><div class=\"message-box-bg-image bg-fill fill\" ><\/div><div class=\"message-box-bg-overlay bg-fill fill\" style=\"background-color:rgb(74, 74, 74);\"><\/div><div class=\"container relative\"><div class=\"inner last-reset\">\n\n<div class=\"row align-middle\"  id=\"row-888599029\">\n\n\n\t<div id=\"col-967122562\" class=\"col medium-9 small-12 large-9\"  >\n\t\t\t\t<div class=\"col-inner\"  >\n\t\t\t\n\t\t\t\n\n<h3 class=\"uppercase\">Tous nos services sont gratuits, couverts par le secret professionnel et ind\u00e9pendants du monde judiciaire.<\/h3>\n\n\t\t<\/div>\n\t\t\t\t\t<\/div>\n\n\t\n\n\t<div id=\"col-732542575\" class=\"col medium-3 small-12 large-3\"  >\n\t\t\t\t<div class=\"col-inner text-right\"  >\n\t\t\t\n\t\t\t\n\n<a data-animate=\"flipInY\" href=\"https:\/\/arboretsens.be\/index.php\/contact\/\" class=\"button white is-outline is-larger\" >\n\t\t<span>CONTACT<\/span>\n\t<\/a>\n\n\n\n\t\t<\/div>\n\t\t\t\t\t<\/div>\n\n\t\n\n<\/div>\n\n<\/div><\/div><\/div>\n","protected":false},"excerpt":{"rendered":"","protected":false},"author":1,"featured_media":0,"parent":0,"menu_order":0,"comment_status":"closed","ping_status":"closed","template":"page-blank.php","meta":{"_exactmetrics_skip_tracking":false,"_exactmetrics_sitenote_active":false,"_exactmetrics_sitenote_note":"","_exactmetrics_sitenote_category":0,"footnotes":""},"class_list":["post-164","page","type-page","status-publish","hentry"],"yoast_head":"<!-- This site is optimized with the Yoast SEO plugin v26.8 - https:\/\/yoast.com\/product\/yoast-seo-wordpress\/ -->\n<title>Aide au lien - Arboretsens asbl<\/title>\n<meta name=\"description\" content=\"La mission d\u2019aide au lien pour auteur d\u00e9tenu vise \u00e0 soutenir la parentalit\u00e9 au travers d\u2019entretiens psychosociaux, de visites \u201cpapas-enfants\u201d, etc.\" \/>\n<meta name=\"robots\" content=\"index, follow, max-snippet:-1, max-image-preview:large, max-video-preview:-1\" \/>\n<link rel=\"canonical\" href=\"https:\/\/arboretsens.be\/index.php\/aide-au-lien\/\" \/>\n<meta property=\"og:locale\" content=\"fr_FR\" \/>\n<meta property=\"og:type\" content=\"article\" \/>\n<meta property=\"og:title\" content=\"Aide au lien - Arboretsens asbl\" \/>\n<meta property=\"og:description\" content=\"La mission d\u2019aide au lien pour auteur d\u00e9tenu vise \u00e0 soutenir la parentalit\u00e9 au travers d\u2019entretiens psychosociaux, de visites \u201cpapas-enfants\u201d, etc.\" \/>\n<meta property=\"og:url\" content=\"https:\/\/arboretsens.be\/index.php\/aide-au-lien\/\" \/>\n<meta property=\"og:site_name\" content=\"Arboretsens asbl\" \/>\n<meta property=\"article:modified_time\" content=\"2021-03-08T12:51:03+00:00\" \/>\n<meta property=\"og:image\" content=\"https:\/\/arboretsens.be\/wp-content\/uploads\/2021\/01\/chainon-picto-2.png\" \/>\n<meta name=\"twitter:card\" content=\"summary_large_image\" \/>\n<meta name=\"twitter:label1\" content=\"Dur\u00e9e de lecture estim\u00e9e\" \/>\n\t<meta name=\"twitter:data1\" content=\"3 minutes\" \/>\n<script type=\"application\/ld+json\" class=\"yoast-schema-graph\">{\"@context\":\"https:\/\/schema.org\",\"@graph\":[{\"@type\":\"WebPage\",\"@id\":\"https:\/\/arboretsens.be\/index.php\/aide-au-lien\/\",\"url\":\"https:\/\/arboretsens.be\/index.php\/aide-au-lien\/\",\"name\":\"Aide au lien - Arboretsens asbl\",\"isPartOf\":{\"@id\":\"https:\/\/arboretsens.be\/#website\"},\"primaryImageOfPage\":{\"@id\":\"https:\/\/arboretsens.be\/index.php\/aide-au-lien\/#primaryimage\"},\"image\":{\"@id\":\"https:\/\/arboretsens.be\/index.php\/aide-au-lien\/#primaryimage\"},\"thumbnailUrl\":\"https:\/\/arboretsens.be\/wp-content\/uploads\/2021\/01\/chainon-picto-2.png\",\"datePublished\":\"2021-01-20T14:23:57+00:00\",\"dateModified\":\"2021-03-08T12:51:03+00:00\",\"description\":\"La mission d\u2019aide au lien pour auteur d\u00e9tenu vise \u00e0 soutenir la parentalit\u00e9 au travers d\u2019entretiens psychosociaux, de visites \u201cpapas-enfants\u201d, etc.\",\"breadcrumb\":{\"@id\":\"https:\/\/arboretsens.be\/index.php\/aide-au-lien\/#breadcrumb\"},\"inLanguage\":\"fr-FR\",\"potentialAction\":[{\"@type\":\"ReadAction\",\"target\":[\"https:\/\/arboretsens.be\/index.php\/aide-au-lien\/\"]}]},{\"@type\":\"ImageObject\",\"inLanguage\":\"fr-FR\",\"@id\":\"https:\/\/arboretsens.be\/index.php\/aide-au-lien\/#primaryimage\",\"url\":\"https:\/\/arboretsens.be\/wp-content\/uploads\/2021\/01\/chainon-picto-2.png\",\"contentUrl\":\"https:\/\/arboretsens.be\/wp-content\/uploads\/2021\/01\/chainon-picto-2.png\",\"width\":140,\"height\":140},{\"@type\":\"BreadcrumbList\",\"@id\":\"https:\/\/arboretsens.be\/index.php\/aide-au-lien\/#breadcrumb\",\"itemListElement\":[{\"@type\":\"ListItem\",\"position\":1,\"name\":\"Home\",\"item\":\"https:\/\/arboretsens.be\/\"},{\"@type\":\"ListItem\",\"position\":2,\"name\":\"Aide au lien\"}]},{\"@type\":\"WebSite\",\"@id\":\"https:\/\/arboretsens.be\/#website\",\"url\":\"https:\/\/arboretsens.be\/\",\"name\":\"Arbor&Sens asbl\",\"description\":\"Service la\u00efque d\u2019Aide aux Justiciables de la Province de Namur\",\"publisher\":{\"@id\":\"https:\/\/arboretsens.be\/#organization\"},\"potentialAction\":[{\"@type\":\"SearchAction\",\"target\":{\"@type\":\"EntryPoint\",\"urlTemplate\":\"https:\/\/arboretsens.be\/?s={search_term_string}\"},\"query-input\":{\"@type\":\"PropertyValueSpecification\",\"valueRequired\":true,\"valueName\":\"search_term_string\"}}],\"inLanguage\":\"fr-FR\"},{\"@type\":\"Organization\",\"@id\":\"https:\/\/arboretsens.be\/#organization\",\"name\":\"Arbor&Sens asbl - Service la\u00efque d\u2019Aide aux Justiciables de la Province de Namur\",\"url\":\"https:\/\/arboretsens.be\/\",\"logo\":{\"@type\":\"ImageObject\",\"inLanguage\":\"fr-FR\",\"@id\":\"https:\/\/arboretsens.be\/#\/schema\/logo\/image\/\",\"url\":\"https:\/\/arboretsens.be\/wp-content\/uploads\/2021\/01\/logo-ArborSens-ASBL-350.png\",\"contentUrl\":\"https:\/\/arboretsens.be\/wp-content\/uploads\/2021\/01\/logo-ArborSens-ASBL-350.png\",\"width\":350,\"height\":354,\"caption\":\"Arbor&Sens asbl - Service la\u00efque d\u2019Aide aux Justiciables de la Province de Namur\"},\"image\":{\"@id\":\"https:\/\/arboretsens.be\/#\/schema\/logo\/image\/\"}}]}<\/script>\n<!-- \/ Yoast SEO plugin. -->","yoast_head_json":{"title":"Aide au lien - Arboretsens asbl","description":"La mission d\u2019aide au lien pour auteur d\u00e9tenu vise \u00e0 soutenir la parentalit\u00e9 au travers d\u2019entretiens psychosociaux, de visites \u201cpapas-enfants\u201d, etc.","robots":{"index":"index","follow":"follow","max-snippet":"max-snippet:-1","max-image-preview":"max-image-preview:large","max-video-preview":"max-video-preview:-1"},"canonical":"https:\/\/arboretsens.be\/index.php\/aide-au-lien\/","og_locale":"fr_FR","og_type":"article","og_title":"Aide au lien - Arboretsens asbl","og_description":"La mission d\u2019aide au lien pour auteur d\u00e9tenu vise \u00e0 soutenir la parentalit\u00e9 au travers d\u2019entretiens psychosociaux, de visites \u201cpapas-enfants\u201d, etc.","og_url":"https:\/\/arboretsens.be\/index.php\/aide-au-lien\/","og_site_name":"Arboretsens asbl","article_modified_time":"2021-03-08T12:51:03+00:00","og_image":[{"url":"https:\/\/arboretsens.be\/wp-content\/uploads\/2021\/01\/chainon-picto-2.png","type":"","width":"","height":""}],"twitter_card":"summary_large_image","twitter_misc":{"Dur\u00e9e de lecture estim\u00e9e":"3 minutes"},"schema":{"@context":"https:\/\/schema.org","@graph":[{"@type":"WebPage","@id":"https:\/\/arboretsens.be\/index.php\/aide-au-lien\/","url":"https:\/\/arboretsens.be\/index.php\/aide-au-lien\/","name":"Aide au lien - Arboretsens asbl","isPartOf":{"@id":"https:\/\/arboretsens.be\/#website"},"primaryImageOfPage":{"@id":"https:\/\/arboretsens.be\/index.php\/aide-au-lien\/#primaryimage"},"image":{"@id":"https:\/\/arboretsens.be\/index.php\/aide-au-lien\/#primaryimage"},"thumbnailUrl":"https:\/\/arboretsens.be\/wp-content\/uploads\/2021\/01\/chainon-picto-2.png","datePublished":"2021-01-20T14:23:57+00:00","dateModified":"2021-03-08T12:51:03+00:00","description":"La mission d\u2019aide au lien pour auteur d\u00e9tenu vise \u00e0 soutenir la parentalit\u00e9 au travers d\u2019entretiens psychosociaux, de visites \u201cpapas-enfants\u201d, etc.","breadcrumb":{"@id":"https:\/\/arboretsens.be\/index.php\/aide-au-lien\/#breadcrumb"},"inLanguage":"fr-FR","potentialAction":[{"@type":"ReadAction","target":["https:\/\/arboretsens.be\/index.php\/aide-au-lien\/"]}]},{"@type":"ImageObject","inLanguage":"fr-FR","@id":"https:\/\/arboretsens.be\/index.php\/aide-au-lien\/#primaryimage","url":"https:\/\/arboretsens.be\/wp-content\/uploads\/2021\/01\/chainon-picto-2.png","contentUrl":"https:\/\/arboretsens.be\/wp-content\/uploads\/2021\/01\/chainon-picto-2.png","width":140,"height":140},{"@type":"BreadcrumbList","@id":"https:\/\/arboretsens.be\/index.php\/aide-au-lien\/#breadcrumb","itemListElement":[{"@type":"ListItem","position":1,"name":"Home","item":"https:\/\/arboretsens.be\/"},{"@type":"ListItem","position":2,"name":"Aide au lien"}]},{"@type":"WebSite","@id":"https:\/\/arboretsens.be\/#website","url":"https:\/\/arboretsens.be\/","name":"Arbor&Sens asbl","description":"Service la\u00efque d\u2019Aide aux Justiciables de la Province de Namur","publisher":{"@id":"https:\/\/arboretsens.be\/#organization"},"potentialAction":[{"@type":"SearchAction","target":{"@type":"EntryPoint","urlTemplate":"https:\/\/arboretsens.be\/?s={search_term_string}"},"query-input":{"@type":"PropertyValueSpecification","valueRequired":true,"valueName":"search_term_string"}}],"inLanguage":"fr-FR"},{"@type":"Organization","@id":"https:\/\/arboretsens.be\/#organization","name":"Arbor&Sens asbl - Service la\u00efque d\u2019Aide aux Justiciables de la Province de Namur","url":"https:\/\/arboretsens.be\/","logo":{"@type":"ImageObject","inLanguage":"fr-FR","@id":"https:\/\/arboretsens.be\/#\/schema\/logo\/image\/","url":"https:\/\/arboretsens.be\/wp-content\/uploads\/2021\/01\/logo-ArborSens-ASBL-350.png","contentUrl":"https:\/\/arboretsens.be\/wp-content\/uploads\/2021\/01\/logo-ArborSens-ASBL-350.png","width":350,"height":354,"caption":"Arbor&Sens asbl - Service la\u00efque d\u2019Aide aux Justiciables de la Province de Namur"},"image":{"@id":"https:\/\/arboretsens.be\/#\/schema\/logo\/image\/"}}]}},"_links":{"self":[{"href":"https:\/\/arboretsens.be\/index.php\/wp-json\/wp\/v2\/pages\/164","targetHints":{"allow":["GET"]}}],"collection":[{"href":"https:\/\/arboretsens.be\/index.php\/wp-json\/wp\/v2\/pages"}],"about":[{"href":"https:\/\/arboretsens.be\/index.php\/wp-json\/wp\/v2\/types\/page"}],"author":[{"embeddable":true,"href":"https:\/\/arboretsens.be\/index.php\/wp-json\/wp\/v2\/users\/1"}],"replies":[{"embeddable":true,"href":"https:\/\/arboretsens.be\/index.php\/wp-json\/wp\/v2\/comments?post=164"}],"version-history":[{"count":8,"href":"https:\/\/arboretsens.be\/index.php\/wp-json\/wp\/v2\/pages\/164\/revisions"}],"predecessor-version":[{"id":218,"href":"https:\/\/arboretsens.be\/index.php\/wp-json\/wp\/v2\/pages\/164\/revisions\/218"}],"wp:attachment":[{"href":"https:\/\/arboretsens.be\/index.php\/wp-json\/wp\/v2\/media?parent=164"}],"curies":[{"name":"wp","href":"https:\/\/api.w.org\/{rel}","templated":true}]}}